{"id":770,"date":"2025-03-11T16:02:12","date_gmt":"2025-03-11T16:02:12","guid":{"rendered":"https:\/\/dev.coma18.vn\/wordpress\/?page_id=770"},"modified":"2025-08-22T04:33:11","modified_gmt":"2025-08-22T04:33:11","slug":"phat-trien-ben-vung","status":"publish","type":"page","link":"https:\/\/coma18.vn\/zh\/phat-trien-ben-vung\/","title":{"rendered":"\u53ef\u6301\u7eed\u53d1\u5c55"},"content":{"rendered":"<div data-elementor-type=\"wp-page\" data-elementor-id=\"770\" class=\"elementor elementor-770\">\n\t\t\t\t<div class=\"has_ae_slider elementor-element elementor-element-7a91090 e-flex e-con-boxed ae-bg-gallery-type-default e-con e-parent\" data-id=\"7a91090\" data-element_type=\"container\" data-settings=\"{&quot;jet_parallax_layout_list&quot;:[]}\">\n\t\t\t\t\t<div class=\"e-con-inner\">\n\t\t\t\t<div class=\"elementor-element elementor-element-b3c3eab elementor-widget elementor-widget-tp-heading-title\" data-id=\"b3c3eab\" data-element_type=\"widget\" data-widget_type=\"tp-heading-title.default\">\n\t\t\t\t\t<div class=\"heading heading_style heading_style69f5e443d9e13 style-1\" ><div class=\"sub-style\" ><div class=\"head-title\" > <h1  class=\"heading-title\"  data-hover=\"PH\u00c1T TRI\u1ec2N B\u1ec0N V\u1eeeNG\">PH\u00c1T TRI\u1ec2N B\u1ec0N V\u1eeeNG<span class=\"title-s\">  <\/span><\/h1><\/div><\/div><\/div>\t\t\t\t<\/div>\n\t\t\t\t<div class=\"elementor-element elementor-element-70abfb8 e-n-tabs-none elementor-widget elementor-widget-n-tabs\" data-id=\"70abfb8\" data-element_type=\"widget\" data-settings=\"{&quot;tabs_justify_horizontal&quot;:&quot;start&quot;,&quot;horizontal_scroll&quot;:&quot;enable&quot;}\" data-widget_type=\"nested-tabs.default\">\n\t\t\t\t\t\t\t<div class=\"e-n-tabs\" data-widget-number=\"118144952\" aria-label=\"Tabs. Open items with Enter or Space, close with Escape and navigate using the Arrow keys.\" data-no-translation-aria-label=\"\">\n\t\t\t<div class=\"e-n-tabs-heading\" role=\"tablist\">\n\t\t\t\t\t<button id=\"e-n-tab-title-1181449521\" class=\"e-n-tab-title\" aria-selected=\"true\" data-tab-index=\"1\" role=\"tab\" tabindex=\"0\" aria-controls=\"e-n-tab-content-1181449521\" style=\"--n-tabs-title-order: 1;\">\n\t\t\t\t\t\t<span class=\"e-n-tab-title-text\">\n\t\t\t\tV\u0102N H\u00d3A DOANH NGHI\u1ec6P\t\t\t<\/span>\n\t\t<\/button>\n\t\t\t\t<button id=\"e-n-tab-title-1181449522\" class=\"e-n-tab-title\" aria-selected=\"false\" data-tab-index=\"2\" role=\"tab\" tabindex=\"-1\" aria-controls=\"e-n-tab-content-1181449522\" style=\"--n-tabs-title-order: 2;\">\n\t\t\t\t\t\t<span class=\"e-n-tab-title-text\">\n\t\t\t\tCHI\u1ebeN L\u01af\u1ee2C CON NG\u01af\u1edcI\t\t\t<\/span>\n\t\t<\/button>\n\t\t\t\t<button id=\"e-n-tab-title-1181449523\" class=\"e-n-tab-title\" aria-selected=\"false\" data-tab-index=\"3\" role=\"tab\" tabindex=\"-1\" aria-controls=\"e-n-tab-content-1181449523\" style=\"--n-tabs-title-order: 3;\">\n\t\t\t\t\t\t<span class=\"e-n-tab-title-text\">\n\t\t\t\tM\u00d4I TR\u01af\u1edcNG &amp; C\u1ed8NG \u0110\u1ed2NG\t\t\t<\/span>\n\t\t<\/button>\n\t\t\t\t\t<\/div>\n\t\t\t<div class=\"e-n-tabs-content\">\n\t\t\t\t<div class=\"has_ae_slider e-active elementor-element elementor-element-d6d8dd2 e-con-full e-flex ae-bg-gallery-type-default e-con e-child\" id=\"e-n-tab-content-1181449521\" role=\"tabpanel\" aria-labelledby=\"e-n-tab-title-1181449521\" data-tab-index=\"1\" style=\"--n-tabs-title-order: 1;\" data-id=\"d6d8dd2\" data-element_type=\"container\" data-settings=\"{&quot;jet_parallax_layout_list&quot;:[]}\">\n\t\t<div class=\"has_ae_slider elementor-element elementor-element-480a075 img-container e-con-full e-flex ae-bg-gallery-type-default e-con e-child\" data-id=\"480a075\" data-element_type=\"container\" data-settings=\"{&quot;jet_parallax_layout_list&quot;:[]}\">\n\t\t\t\t<div class=\"elementor-element elementor-element-b8ab5ad raven--h-position-center raven--v-position-middle elementor-arrows-position-inside elementor-pagination-position-inside elementor-invisible elementor-widget elementor-widget-raven-slider\" data-id=\"b8ab5ad\" data-element_type=\"widget\" data-settings=\"{&quot;_animation&quot;:&quot;fadeInDown&quot;,&quot;navigation&quot;:&quot;both&quot;,&quot;autoplay&quot;:&quot;yes&quot;,&quot;pause_on_hover&quot;:&quot;yes&quot;,&quot;pause_on_interaction&quot;:&quot;yes&quot;,&quot;autoplay_speed&quot;:5000,&quot;infinite&quot;:&quot;yes&quot;,&quot;transition&quot;:&quot;slide&quot;,&quot;transition_speed&quot;:500}\" data-widget_type=\"raven-slider.default\">\n\t\t\t\t<div class=\"elementor-widget-container\">\n\t\t\t\t\t\t\t<div class=\"elementor-swiper\">\r\n\t\t\t<div class=\"raven-slider-wrapper elementor-main-swiper swiper\" dir=\"ltr\" data-animation=\"fadeInUp\">\r\n\t\t\t\t<div class=\"swiper-wrapper raven-slider\">\r\n\t\t\t\t\t\t\t\t\t\t<div class=\"elementor-repeater-item-108dc43 swiper-slide\"><div style=\"\" class=\"swiper-slide-bg\"><\/div><div class=\"swiper-slide-inner\" ><div class=\"swiper-slide-contents\"><\/div><\/div><\/div><div class=\"elementor-repeater-item-7a25218 swiper-slide\"><div style=\"\" class=\"swiper-slide-bg\"><\/div><div class=\"swiper-slide-inner\" ><div class=\"swiper-slide-contents\"><\/div><\/div><\/div><div class=\"elementor-repeater-item-993cb9e swiper-slide\"><div style=\"\" class=\"swiper-slide-bg\"><\/div><div class=\"swiper-slide-inner\" ><div class=\"swiper-slide-contents\"><\/div><\/div><\/div>\t\t\t\t<\/div>\r\n\t\t\t\t\t\t\t\t\t\t\t\t\t\t\t<div class=\"swiper-pagination\"><\/div>\r\n\t\t\t\t\t\t\t\t\t\t\t\t\t\t\t\t<div class=\"elementor-swiper-button elementor-swiper-button-prev\">\r\n\t\t\t\t\t\t\t<svg aria-hidden=\"true\" class=\"e-font-icon-svg e-eicon-chevron-left\" viewbox=\"0 0 1000 1000\" xmlns=\"http:\/\/www.w3.org\/2000\/svg\"><path d=\"M646 125C629 125 613 133 604 142L308 442C296 454 292 471 292 487 292 504 296 521 308 533L604 854C617 867 629 875 646 875 663 875 679 871 692 858 704 846 713 829 713 812 713 796 708 779 692 767L438 487 692 225C700 217 708 204 708 187 708 171 704 154 692 142 675 129 663 125 646 125Z\"><\/path><\/svg>\t\t\t\t\t\t\t<span class=\"elementor-screen-only\">Previous<\/span>\r\n\t\t\t\t\t\t<\/div>\r\n\t\t\t\t\t\t<div class=\"elementor-swiper-button elementor-swiper-button-next\">\r\n\t\t\t\t\t\t\t<svg aria-hidden=\"true\" class=\"e-font-icon-svg e-eicon-chevron-right\" viewbox=\"0 0 1000 1000\" xmlns=\"http:\/\/www.w3.org\/2000\/svg\"><path d=\"M696 533C708 521 713 504 713 487 713 471 708 454 696 446L400 146C388 133 375 125 354 125 338 125 325 129 313 142 300 154 292 171 292 187 292 204 296 221 308 233L563 492 304 771C292 783 288 800 288 817 288 833 296 850 308 863 321 871 338 875 354 875 371 875 388 867 400 854L696 533Z\"><\/path><\/svg>\t\t\t\t\t\t\t<span class=\"elementor-screen-only\">Next<\/span>\r\n\t\t\t\t\t\t<\/div>\r\n\t\t\t\t\t\t\t\t\t\t\t\t<\/div>\r\n\t\t<\/div>\r\n\t\t\t\t\t\t<\/div>\n\t\t\t\t<\/div>\n\t\t\t\t<\/div>\n\t\t\t\t<div class=\"elementor-element elementor-element-c890d94 elementor-invisible elementor-widget elementor-widget-heading\" data-id=\"c890d94\" data-element_type=\"widget\" data-settings=\"{&quot;_animation&quot;:&quot;fadeInLeft&quot;}\" data-widget_type=\"heading.default\">\n\t\t\t\t\t<h3 class=\"elementor-heading-title elementor-size-default\">V\u0102N H\u00d3A DOANH NGHI\u1ec6P<\/h3>\t\t\t\t<\/div>\n\t\t\t\t<div class=\"elementor-element elementor-element-284b125 elementor-invisible elementor-widget elementor-widget-text-editor\" data-id=\"284b125\" data-element_type=\"widget\" data-settings=\"{&quot;_animation&quot;:&quot;fadeInUp&quot;}\" data-widget_type=\"text-editor.default\">\n\t\t\t\t\t\t\t\t\t<p>V\u0103n h\u00f3a doanh nghi\u1ec7p c\u1ee7a COMA18 \u0111\u01b0\u1ee3c x\u00e2y d\u1ef1ng tr\u00ean c\u00e1c gi\u00e1 tr\u1ecb c\u1ed1t l\u00f5i: <strong>\u0111o\u00e0n k\u1ebft, s\u00e1ng t\u1ea1o, tr\u00e1ch nhi\u1ec7m v\u00e0 ph\u00e1t tri\u1ec3n b\u1ec1n v\u1eefng<\/strong>. C\u00f4ng ty lu\u00f4n khuy\u1ebfn kh\u00edch tinh th\u1ea7n h\u1ecdc h\u1ecfi, s\u00e1ng t\u1ea1o trong c\u00f4ng vi\u1ec7c, g\u1eafn k\u1ebft gi\u1eefa c\u00e1c th\u00e0nh vi\u00ean \u0111\u1ec3 t\u1ea1o n\u00ean m\u1ed9t t\u1eadp th\u1ec3 m\u1ea1nh m\u1ebd v\u00e0 \u0111\u1ed3ng l\u00f2ng.<\/p>\t\t\t\t\t\t\t\t<\/div>\n\t\t\t\t<\/div>\n\t\t<div class=\"has_ae_slider  elementor-element elementor-element-aa18a01 e-con-full e-flex ae-bg-gallery-type-default e-con e-child\" id=\"e-n-tab-content-1181449522\" role=\"tabpanel\" aria-labelledby=\"e-n-tab-title-1181449522\" data-tab-index=\"2\" style=\"--n-tabs-title-order: 2;\" data-id=\"aa18a01\" data-element_type=\"container\" data-settings=\"{&quot;jet_parallax_layout_list&quot;:[]}\">\n\t\t<div class=\"has_ae_slider elementor-element elementor-element-55772e2 img-container e-con-full e-flex ae-bg-gallery-type-default e-con e-child\" data-id=\"55772e2\" data-element_type=\"container\" data-settings=\"{&quot;jet_parallax_layout_list&quot;:[]}\">\n\t\t\t\t<div class=\"elementor-element elementor-element-d921e86 raven--h-position-center raven--v-position-middle elementor-arrows-position-inside elementor-pagination-position-inside elementor-invisible elementor-widget elementor-widget-raven-slider\" data-id=\"d921e86\" data-element_type=\"widget\" data-settings=\"{&quot;_animation&quot;:&quot;fadeInDown&quot;,&quot;navigation&quot;:&quot;both&quot;,&quot;autoplay&quot;:&quot;yes&quot;,&quot;pause_on_hover&quot;:&quot;yes&quot;,&quot;pause_on_interaction&quot;:&quot;yes&quot;,&quot;autoplay_speed&quot;:5000,&quot;infinite&quot;:&quot;yes&quot;,&quot;transition&quot;:&quot;slide&quot;,&quot;transition_speed&quot;:500}\" data-widget_type=\"raven-slider.default\">\n\t\t\t\t<div class=\"elementor-widget-container\">\n\t\t\t\t\t\t\t<div class=\"elementor-swiper\">\r\n\t\t\t<div class=\"raven-slider-wrapper elementor-main-swiper swiper\" dir=\"ltr\" data-animation=\"fadeInUp\">\r\n\t\t\t\t<div class=\"swiper-wrapper raven-slider\">\r\n\t\t\t\t\t\t\t\t\t\t<div class=\"elementor-repeater-item-108dc43 swiper-slide\"><div style=\"\" class=\"swiper-slide-bg\"><\/div><div class=\"swiper-slide-inner\" ><div class=\"swiper-slide-contents\"><\/div><\/div><\/div><div class=\"elementor-repeater-item-7a25218 swiper-slide\"><div style=\"\" class=\"swiper-slide-bg\"><\/div><div class=\"swiper-slide-inner\" ><div class=\"swiper-slide-contents\"><\/div><\/div><\/div><div class=\"elementor-repeater-item-993cb9e swiper-slide\"><div style=\"\" class=\"swiper-slide-bg\"><\/div><div class=\"swiper-slide-inner\" ><div class=\"swiper-slide-contents\"><\/div><\/div><\/div>\t\t\t\t<\/div>\r\n\t\t\t\t\t\t\t\t\t\t\t\t\t\t\t<div class=\"swiper-pagination\"><\/div>\r\n\t\t\t\t\t\t\t\t\t\t\t\t\t\t\t\t<div class=\"elementor-swiper-button elementor-swiper-button-prev\">\r\n\t\t\t\t\t\t\t<svg aria-hidden=\"true\" class=\"e-font-icon-svg e-eicon-chevron-left\" viewbox=\"0 0 1000 1000\" xmlns=\"http:\/\/www.w3.org\/2000\/svg\"><path d=\"M646 125C629 125 613 133 604 142L308 442C296 454 292 471 292 487 292 504 296 521 308 533L604 854C617 867 629 875 646 875 663 875 679 871 692 858 704 846 713 829 713 812 713 796 708 779 692 767L438 487 692 225C700 217 708 204 708 187 708 171 704 154 692 142 675 129 663 125 646 125Z\"><\/path><\/svg>\t\t\t\t\t\t\t<span class=\"elementor-screen-only\">Previous<\/span>\r\n\t\t\t\t\t\t<\/div>\r\n\t\t\t\t\t\t<div class=\"elementor-swiper-button elementor-swiper-button-next\">\r\n\t\t\t\t\t\t\t<svg aria-hidden=\"true\" class=\"e-font-icon-svg e-eicon-chevron-right\" viewbox=\"0 0 1000 1000\" xmlns=\"http:\/\/www.w3.org\/2000\/svg\"><path d=\"M696 533C708 521 713 504 713 487 713 471 708 454 696 446L400 146C388 133 375 125 354 125 338 125 325 129 313 142 300 154 292 171 292 187 292 204 296 221 308 233L563 492 304 771C292 783 288 800 288 817 288 833 296 850 308 863 321 871 338 875 354 875 371 875 388 867 400 854L696 533Z\"><\/path><\/svg>\t\t\t\t\t\t\t<span class=\"elementor-screen-only\">Next<\/span>\r\n\t\t\t\t\t\t<\/div>\r\n\t\t\t\t\t\t\t\t\t\t\t\t<\/div>\r\n\t\t<\/div>\r\n\t\t\t\t\t\t<\/div>\n\t\t\t\t<\/div>\n\t\t\t\t<\/div>\n\t\t\t\t<div class=\"elementor-element elementor-element-e5b6073 elementor-invisible elementor-widget elementor-widget-heading\" data-id=\"e5b6073\" data-element_type=\"widget\" data-settings=\"{&quot;_animation&quot;:&quot;fadeInLeft&quot;}\" data-widget_type=\"heading.default\">\n\t\t\t\t\t<h2 class=\"elementor-heading-title elementor-size-default\">CHI\u1ebeN L\u01af\u1ee2C CON NG\u01af\u1edcI<\/h2>\t\t\t\t<\/div>\n\t\t\t\t<div class=\"elementor-element elementor-element-3244a22 elementor-invisible elementor-widget elementor-widget-text-editor\" data-id=\"3244a22\" data-element_type=\"widget\" data-settings=\"{&quot;_animation&quot;:&quot;fadeInUp&quot;}\" data-widget_type=\"text-editor.default\">\n\t\t\t\t\t\t\t\t\t<ol><li><strong>\u0110\u00e0o t\u1ea1o v\u00e0 ph\u00e1t tri\u1ec3n k\u1ef9 n\u0103ng:<\/strong> Th\u01b0\u1eddng xuy\u00ean t\u1ed5 ch\u1ee9c c\u00e1c ch\u01b0\u01a1ng tr\u00ecnh \u0111\u00e0o t\u1ea1o, h\u1ed9i th\u1ea3o n\u00e2ng cao n\u0103ng l\u1ef1c chuy\u00ean m\u00f4n v\u00e0 k\u1ef9 n\u0103ng m\u1ec1m, \u0111\u1ea3m b\u1ea3o \u0111\u1ed9i ng\u0169 nh\u00e2n s\u1ef1 lu\u00f4n s\u1eb5n s\u00e0ng \u0111\u00e1p \u1ee9ng y\u00eau c\u1ea7u c\u00f4ng vi\u1ec7c.<\/li><li><strong>Ch\u00ednh s\u00e1ch \u0111\u00e3i ng\u1ed9 c\u1ea1nh tranh:<\/strong> \u0110\u1ea3m b\u1ea3o ch\u1ebf \u0111\u1ed9 l\u01b0\u01a1ng th\u01b0\u1edfng, ph\u00fac l\u1ee3i ph\u00f9 h\u1ee3p, khuy\u1ebfn kh\u00edch s\u1ef1 c\u1ed1ng hi\u1ebfn v\u00e0 g\u1eafn b\u00f3 l\u00e2u d\u00e0i c\u1ee7a nh\u00e2n vi\u00ean.<\/li><li><strong>M\u00f4i tr\u01b0\u1eddng l\u00e0m vi\u1ec7c l\u00fd t\u01b0\u1edfng:<\/strong> T\u1ea1o \u0111i\u1ec1u ki\u1ec7n \u0111\u1ec3 nh\u00e2n vi\u00ean l\u00e0m vi\u1ec7c trong m\u00f4i tr\u01b0\u1eddng th\u00e2n thi\u1ec7n, s\u00e1ng t\u1ea1o, khuy\u1ebfn kh\u00edch s\u1ef1 \u0111\u1ed5i m\u1edbi v\u00e0 ph\u00e1t tri\u1ec3n c\u00e1 nh\u00e2n.<\/li><li><strong>X\u00e2y d\u1ef1ng \u0111\u1ed9i ng\u0169 k\u1ebf th\u1eeba:<\/strong> T\u1eadp trung ph\u00e1t tri\u1ec3n c\u00e1c ch\u01b0\u01a1ng tr\u00ecnh qu\u1ea3n tr\u1ecb nh\u00e2n t\u00e0i, t\u1ea1o ngu\u1ed3n l\u1ef1c l\u00e3nh \u0111\u1ea1o k\u1ebf c\u1eadn m\u1ea1nh m\u1ebd \u0111\u1ec3 d\u1eabn d\u1eaft c\u00f4ng ty trong t\u01b0\u01a1ng lai.<\/li><li><strong>G\u1eafn k\u1ebft t\u1eadp th\u1ec3:<\/strong> \u0110\u1ea9y m\u1ea1nh c\u00e1c ho\u1ea1t \u0111\u1ed9ng n\u1ed9i b\u1ed9 nh\u1eb1m x\u00e2y d\u1ef1ng tinh th\u1ea7n \u0111\u1ed3ng \u0111\u1ed9i, t\u0103ng c\u01b0\u1eddng s\u1ef1 g\u1eafn b\u00f3 gi\u1eefa c\u00e1c th\u00e0nh vi\u00ean trong c\u00f4ng ty.<\/li><\/ol>\t\t\t\t\t\t\t\t<\/div>\n\t\t\t\t<\/div>\n\t\t<div class=\"has_ae_slider  elementor-element elementor-element-b91df38 e-con-full e-flex ae-bg-gallery-type-default e-con e-child\" id=\"e-n-tab-content-1181449523\" role=\"tabpanel\" aria-labelledby=\"e-n-tab-title-1181449523\" data-tab-index=\"3\" style=\"--n-tabs-title-order: 3;\" data-id=\"b91df38\" data-element_type=\"container\" data-settings=\"{&quot;jet_parallax_layout_list&quot;:[]}\">\n\t\t<div class=\"has_ae_slider elementor-element elementor-element-1489f25 img-container e-con-full e-flex ae-bg-gallery-type-default e-con e-child\" data-id=\"1489f25\" data-element_type=\"container\" data-settings=\"{&quot;jet_parallax_layout_list&quot;:[]}\">\n\t\t\t\t<div class=\"elementor-element elementor-element-ad57153 raven--h-position-center raven--v-position-middle elementor-arrows-position-inside elementor-pagination-position-inside elementor-invisible elementor-widget elementor-widget-raven-slider\" data-id=\"ad57153\" data-element_type=\"widget\" data-settings=\"{&quot;_animation&quot;:&quot;fadeInDown&quot;,&quot;navigation&quot;:&quot;both&quot;,&quot;autoplay&quot;:&quot;yes&quot;,&quot;pause_on_hover&quot;:&quot;yes&quot;,&quot;pause_on_interaction&quot;:&quot;yes&quot;,&quot;autoplay_speed&quot;:5000,&quot;infinite&quot;:&quot;yes&quot;,&quot;transition&quot;:&quot;slide&quot;,&quot;transition_speed&quot;:500}\" data-widget_type=\"raven-slider.default\">\n\t\t\t\t<div class=\"elementor-widget-container\">\n\t\t\t\t\t\t\t<div class=\"elementor-swiper\">\r\n\t\t\t<div class=\"raven-slider-wrapper elementor-main-swiper swiper\" dir=\"ltr\" data-animation=\"fadeInUp\">\r\n\t\t\t\t<div class=\"swiper-wrapper raven-slider\">\r\n\t\t\t\t\t\t\t\t\t\t<div class=\"elementor-repeater-item-108dc43 swiper-slide\"><div style=\"\" class=\"swiper-slide-bg\"><\/div><div class=\"swiper-slide-inner\" ><div class=\"swiper-slide-contents\"><\/div><\/div><\/div><div class=\"elementor-repeater-item-7a25218 swiper-slide\"><div style=\"\" class=\"swiper-slide-bg\"><\/div><div class=\"swiper-slide-inner\" ><div class=\"swiper-slide-contents\"><\/div><\/div><\/div><div class=\"elementor-repeater-item-993cb9e swiper-slide\"><div style=\"\" class=\"swiper-slide-bg\"><\/div><div class=\"swiper-slide-inner\" ><div class=\"swiper-slide-contents\"><\/div><\/div><\/div>\t\t\t\t<\/div>\r\n\t\t\t\t\t\t\t\t\t\t\t\t\t\t\t<div class=\"swiper-pagination\"><\/div>\r\n\t\t\t\t\t\t\t\t\t\t\t\t\t\t\t\t<div class=\"elementor-swiper-button elementor-swiper-button-prev\">\r\n\t\t\t\t\t\t\t<svg aria-hidden=\"true\" class=\"e-font-icon-svg e-eicon-chevron-left\" viewbox=\"0 0 1000 1000\" xmlns=\"http:\/\/www.w3.org\/2000\/svg\"><path d=\"M646 125C629 125 613 133 604 142L308 442C296 454 292 471 292 487 292 504 296 521 308 533L604 854C617 867 629 875 646 875 663 875 679 871 692 858 704 846 713 829 713 812 713 796 708 779 692 767L438 487 692 225C700 217 708 204 708 187 708 171 704 154 692 142 675 129 663 125 646 125Z\"><\/path><\/svg>\t\t\t\t\t\t\t<span class=\"elementor-screen-only\">Previous<\/span>\r\n\t\t\t\t\t\t<\/div>\r\n\t\t\t\t\t\t<div class=\"elementor-swiper-button elementor-swiper-button-next\">\r\n\t\t\t\t\t\t\t<svg aria-hidden=\"true\" class=\"e-font-icon-svg e-eicon-chevron-right\" viewbox=\"0 0 1000 1000\" xmlns=\"http:\/\/www.w3.org\/2000\/svg\"><path d=\"M696 533C708 521 713 504 713 487 713 471 708 454 696 446L400 146C388 133 375 125 354 125 338 125 325 129 313 142 300 154 292 171 292 187 292 204 296 221 308 233L563 492 304 771C292 783 288 800 288 817 288 833 296 850 308 863 321 871 338 875 354 875 371 875 388 867 400 854L696 533Z\"><\/path><\/svg>\t\t\t\t\t\t\t<span class=\"elementor-screen-only\">Next<\/span>\r\n\t\t\t\t\t\t<\/div>\r\n\t\t\t\t\t\t\t\t\t\t\t\t<\/div>\r\n\t\t<\/div>\r\n\t\t\t\t\t\t<\/div>\n\t\t\t\t<\/div>\n\t\t\t\t<\/div>\n\t\t\t\t<div class=\"elementor-element elementor-element-d611475 elementor-invisible elementor-widget elementor-widget-heading\" data-id=\"d611475\" data-element_type=\"widget\" data-settings=\"{&quot;_animation&quot;:&quot;fadeInLeft&quot;}\" data-widget_type=\"heading.default\">\n\t\t\t\t\t<h2 class=\"elementor-heading-title elementor-size-default\">M\u00d4I TR\u01af\u1edcNG &amp; C\u1ed8NG \u0110\u1ed2NG<\/h2>\t\t\t\t<\/div>\n\t\t\t\t<div class=\"elementor-element elementor-element-e53ca44 elementor-invisible elementor-widget elementor-widget-text-editor\" data-id=\"e53ca44\" data-element_type=\"widget\" data-settings=\"{&quot;_animation&quot;:&quot;fadeInUp&quot;}\" data-widget_type=\"text-editor.default\">\n\t\t\t\t\t\t\t\t\t<p>COMA18 \u0111\u1eb7t tr\u1ecdng t\u00e2m v\u00e0o tr\u00e1ch nhi\u1ec7m x\u00e3 h\u1ed9i th\u00f4ng qua c\u00e1c ho\u1ea1t \u0111\u1ed9ng h\u1ed7 tr\u1ee3 c\u1ed9ng \u0111\u1ed3ng, \u0111\u00f3ng g\u00f3p v\u00e0o s\u1ef1 ph\u00e1t tri\u1ec3n b\u1ec1n v\u1eefng c\u1ee7a x\u00e3 h\u1ed9i. \u0110\u1ed9i ng\u0169 c\u00e1n b\u1ed9 v\u00e0 nh\u00e2n vi\u00ean lu\u00f4n \u0111\u01b0\u1ee3c t\u1ea1o \u0111i\u1ec1u ki\u1ec7n ph\u00e1t tri\u1ec3n to\u00e0n di\u1ec7n c\u1ea3 v\u1ec1 chuy\u00ean m\u00f4n v\u00e0 \u0111\u1eddi s\u1ed1ng, x\u00e2y d\u1ef1ng m\u00f4i tr\u01b0\u1eddng l\u00e0m vi\u1ec7c chuy\u00ean nghi\u1ec7p, th\u00e2n thi\u1ec7n v\u00e0 \u0111\u1ea7y c\u1ea3m h\u1ee9ng.<\/p>\t\t\t\t\t\t\t\t<\/div>\n\t\t\t\t<\/div>\n\t\t\t\t\t<\/div>\n\t\t<\/div>\n\t\t\t\t\t\t<\/div>\n\t\t\t\t\t<\/div>\n\t\t\t\t<\/div>\n\t\t\t\t<\/div>","protected":false},"excerpt":{"rendered":"<p>PH\u00c1T TRI\u1ec2N B\u1ec0N V\u1eeeNG V\u0102N H\u00d3A DOANH NGHI\u1ec6P CHI\u1ebeN L\u01af\u1ee2C CON NG\u01af\u1edcI M\u00d4I TR\u01af\u1edcNG &amp; C\u1ed8NG \u0110\u1ed2NG Previous Next V\u0102N H\u00d3A DOANH NGHI\u1ec6P V\u0103n h\u00f3a doanh nghi\u1ec7p c\u1ee7a COMA18 \u0111\u01b0\u1ee3c x\u00e2y d\u1ef1ng tr\u00ean c\u00e1c gi\u00e1 tr\u1ecb c\u1ed1t l\u00f5i: \u0111o\u00e0n k\u1ebft, s\u00e1ng t\u1ea1o, tr\u00e1ch nhi\u1ec7m v\u00e0 ph\u00e1t tri\u1ec3n b\u1ec1n v\u1eefng. C\u00f4ng ty lu\u00f4n khuy\u1ebfn kh\u00edch tinh [&hellip;]<\/p>","protected":false},"author":3,"featured_media":0,"parent":0,"menu_order":0,"comment_status":"closed","ping_status":"closed","template":"elementor_header_footer","meta":{"_acf_changed":false,"footnotes":""},"class_list":["post-770","page","type-page","status-publish","hentry"],"acf":[],"_links":{"self":[{"href":"https:\/\/coma18.vn\/zh\/wp-json\/wp\/v2\/pages\/770","targetHints":{"allow":["GET"]}}],"collection":[{"href":"https:\/\/coma18.vn\/zh\/wp-json\/wp\/v2\/pages"}],"about":[{"href":"https:\/\/coma18.vn\/zh\/wp-json\/wp\/v2\/types\/page"}],"author":[{"embeddable":true,"href":"https:\/\/coma18.vn\/zh\/wp-json\/wp\/v2\/users\/3"}],"replies":[{"embeddable":true,"href":"https:\/\/coma18.vn\/zh\/wp-json\/wp\/v2\/comments?post=770"}],"version-history":[{"count":3,"href":"https:\/\/coma18.vn\/zh\/wp-json\/wp\/v2\/pages\/770\/revisions"}],"predecessor-version":[{"id":5471,"href":"https:\/\/coma18.vn\/zh\/wp-json\/wp\/v2\/pages\/770\/revisions\/5471"}],"wp:attachment":[{"href":"https:\/\/coma18.vn\/zh\/wp-json\/wp\/v2\/media?parent=770"}],"curies":[{"name":"wp","href":"https:\/\/api.w.org\/{rel}","templated":true}]}}